{"id":31,"date":"2020-04-13T11:18:52","date_gmt":"2020-04-13T11:18:52","guid":{"rendered":"http:\/\/nzkolektiv.cz\/?page_id=31"},"modified":"2024-09-16T15:44:48","modified_gmt":"2024-09-16T13:44:48","slug":"about","status":"publish","type":"page","link":"https:\/\/nzkolektiv.cz\/","title":{"rendered":"Str\u00e1nka O n\u00e1s Nepodm\u00edn\u011bn\u00fd z\u00e1kladn\u00ed kolektiv"},"content":{"rendered":"\n<p>Kolektiv sdru\u017euje lidi z nejr\u016fzn\u011bj\u0161\u00edch oblast\u00ed a iniciativ, kte\u0159\u00ed maj\u00ed spole\u010dn\u00fd z\u00e1jem o spole\u010denskou transformaci, je\u017e by reagovala na ekologickou a ekonomickou krizi sou\u010dasnosti a umo\u017enila nastartovat jejich \u0159e\u0161en\u00ed. Zalo\u017een\u00ed iniciovala v roce 2021 Jitka Cardov\u00e1, dal\u0161\u00edmi \u010dleny kolektivu jsou Ond\u0159ej Cakl, \u0160imon Pe\u0161ta, Eli\u0161ka \u0160est\u00e1kov\u00e1 a Ludmila Barto\u0161ov\u00e1. NZK je otev\u0159en\u00fd dal\u0161\u00edm z\u00e1jemc\u016fm o \u010dlenstv\u00ed. Spolek je napojen\u00fd na mezin\u00e1rodn\u00ed s\u00ed\u0165 Universal Basic Income Europe a dal\u0161\u00ed dom\u00e1c\u00ed i mezin\u00e1rodn\u00ed s\u00edt\u011b zab\u00fdvaj\u00edc\u00ed se regenerativn\u00ed kulturou a soci\u00e1ln\u00ed transformac\u00ed.<\/p>\n\n\n\n<p><\/p>\n","protected":false},"excerpt":{"rendered":"<p>Kolektiv sdru\u017euje lidi z nejr\u016fzn\u011bj\u0161\u00edch oblast\u00ed a iniciativ, kte\u0159\u00ed maj\u00ed spole\u010dn\u00fd z\u00e1jem o spole\u010denskou transformaci, je\u017e by reagovala na ekologickou a ekonomickou krizi sou\u010dasnosti a umo\u017enila nastartovat jejich \u0159e\u0161en\u00ed. Zalo\u017een\u00ed iniciovala v roce 2021 Jitka Cardov\u00e1, dal\u0161\u00edmi \u010dleny kolektivu jsou Ond\u0159ej Cakl, \u0160imon Pe\u0161ta, Eli\u0161ka \u0160est\u00e1kov\u00e1 a Ludmila Barto\u0161ov\u00e1. NZK [&hellip;]<\/p>\n","protected":false},"author":1,"featured_media":0,"parent":0,"menu_order":0,"comment_status":"closed","ping_status":"closed","template":"","meta":{"footnotes":""},"class_list":["post-31","page","type-page","status-publish","hentry"],"_links":{"self":[{"href":"https:\/\/nzkolektiv.cz\/index.php?rest_route=\/wp\/v2\/pages\/31","targetHints":{"allow":["GET"]}}],"collection":[{"href":"https:\/\/nzkolektiv.cz\/index.php?rest_route=\/wp\/v2\/pages"}],"about":[{"href":"https:\/\/nzkolektiv.cz\/index.php?rest_route=\/wp\/v2\/types\/page"}],"author":[{"embeddable":true,"href":"https:\/\/nzkolektiv.cz\/index.php?rest_route=\/wp\/v2\/users\/1"}],"replies":[{"embeddable":true,"href":"https:\/\/nzkolektiv.cz\/index.php?rest_route=%2Fwp%2Fv2%2Fcomments&post=31"}],"version-history":[{"count":6,"href":"https:\/\/nzkolektiv.cz\/index.php?rest_route=\/wp\/v2\/pages\/31\/revisions"}],"predecessor-version":[{"id":704,"href":"https:\/\/nzkolektiv.cz\/index.php?rest_route=\/wp\/v2\/pages\/31\/revisions\/704"}],"wp:attachment":[{"href":"https:\/\/nzkolektiv.cz\/index.php?rest_route=%2Fwp%2Fv2%2Fmedia&parent=31"}],"curies":[{"name":"wp","href":"https:\/\/api.w.org\/{rel}","templated":true}]}}